{"id":975,"date":"2015-06-13T13:00:34","date_gmt":"2015-06-13T13:00:34","guid":{"rendered":"http:\/\/stadtteiloper-bremen.de\/?page_id=975"},"modified":"2015-06-18T15:53:59","modified_gmt":"2015-06-18T15:53:59","slug":"interview-klaus-heidemann-fortsetzung","status":"publish","type":"page","link":"http:\/\/stadtteiloper-bremen.de\/?page_id=975","title":{"rendered":"Interview Klaus Heidemann (Fortsetzung)"},"content":{"rendered":"<p><span style=\"color: #e36c0a;\"><span style=\"font-size: medium;\"><b>Warum spielst du bei<\/b><\/span><\/span><span style=\"color: #e36c0a;\"><span style=\"font-size: medium;\"><i><b> der Deutschen Kammerphilharmonie Bremen<\/b><\/i><\/span><\/span><span style=\"color: #e36c0a;\"><span style=\"font-size: medium;\"><b>? Hat das einen bestimmten Grund? <\/b><\/span><\/span><b> <\/b><span style=\"color: #000000;\"><span style=\"font-size: medium;\">Ja, das hat den Grund, dass ich das Orchester vor 35 Jahren mit gegr\u00fcndet habe. Wir haben dieses Orchester, was ja aus der <\/span><\/span><span style=\"color: #000000;\"><span style=\"font-size: medium;\"><i>Jungen Deutsche Philharmonie<\/i><\/span><\/span><span style=\"color: #000000;\"><span style=\"font-size: medium;\"> entstanden ist, mit mehreren Kommilitonen gegr\u00fcndet, um einen eigenen Weg zu gehen. Wir wollten nicht in ein professionelles Beamtenorchester. Das Modell der Kammerphilharmonie hat sich ja bis heute bew\u00e4hrt! <\/span><\/span><\/p>\n<p><span style=\"color: #e36c0a;\"><span style=\"font-size: medium;\"><b>Viele reden davon, dass eine bestimmte Stimmung in dem Orchester herrscht. Stimmt das? <\/b><\/span><\/span><span style=\"color: #000000;\"><span style=\"font-size: medium;\">Ja! Die Stimmung im Orchester ist aber sehr schwer zu beschreiben. Ich w\u00fcrde sagen, dass wir sehr offen und neugierig sind, obwohl wir inzwischen alle schon ein bisschen \u00e4lter sind. Wir sind bereit, vieles auszuprobieren, und das allermeist besondere ist, dass wir bei Konzerten immer alle gemeinsam an einem Strang ziehen!<\/span><\/span><\/p>\n<p><span style=\"color: #000000;\"><span style=\"font-size: medium;\"><i>Ich springe so ein bisschen weiter in den Themen, aber habe schon fr\u00fch gemerkt, dass Klaus sehr offen und ausf\u00fchrlich erz\u00e4hlt! <\/i><\/span><\/span><\/p>\n<p><span style=\"color: #e36c0a;\"><span style=\"font-size: medium;\"><b>Wie viel \u00fcbst du als Musiker pro Tag? <\/b><\/span><\/span><span style=\"color: #000000;\"><span style=\"font-size: medium;\"> Oh, das ist sehr, sehr unterschiedlich! Das h\u00e4ngt davon ab, was f\u00fcr Aufgaben anstehen. Wenn ich zum Beispiel Konzerte habe, mit den Studenten mit denen ich arbeite, wo ich schwere St\u00fccke spiele, dann versuche ich am Klavier eine und eine halbe Stunde t\u00e4glich zu \u00fcben. Wenn das nicht anliegt, \u00fcbe ich auch mal nicht! Es ist auch wichtig, ein paar Tage ohne Musik zu haben. <\/span><\/span><\/p>\n<p><span style=\"color: #000000;\"><span style=\"font-size: medium;\">Generell \u00fcbe ich nicht mehr als andere, die nur ein Instrument spielen. Welches Instrument ich \u00fcbe, h\u00e4ngt davon ab, was f\u00fcr das St\u00fcck gefordert ist. Wenn wir zum Beispiel mit der Kammerphilharmonie Musik aus dem 20 Jahrhundert spielen, was nicht so in der Hand liegt, braucht das einfach auch Zeit und die muss man dann finden.<\/span><\/span><\/p>\n<p><span style=\"color: #e36c0a;\"><span style=\"font-size: medium;\"><b>Bratsche oder klavier, was bringt mehr Spa\u00df? <\/b><\/span><\/span><span style=\"color: #000000;\"><span style=\"font-size: medium;\"> Das bin ich schon oft gefragt worden und habe aber noch nie eine befriedigende Antwort darauf gefunden. Ich rede mich dann meistens so raus; dass, das was ich in dem Moment mache, macht am meisten spa\u00df!<\/span><\/span><\/p>\n<p><span style=\"color: #e36c0a;\"><span style=\"font-size: medium;\"><b>Bist du immer noch nerv\u00f6s bei Konzerten? <\/b><\/span><\/span><span style=\"color: #000000;\"><span style=\"font-size: medium;\">Manchmal schon, das bleibt eigentlich doch das ganze Leben lang. Wenn etwas besonders schwer ist und man zum Beispiel nicht hundert prozentig sicher ist, dass man das auch schafft, dann kommt immer Nervosit\u00e4t oder Lampenfieber. Im Orchester so gut wie nie, da f\u00e4llt es, wenn man nicht an einer exponierten Position sitzt, nicht so auf, wenn man mal einen Fehler spielt oder auch mal was weg l\u00e4sst! Das Lampenfieber wird mehr, wenn ich solistisch oder als Duo Klavier spiele. <\/span><\/span><\/p>\n<p><span style=\"color: #e36c0a;\"><span style=\"font-size: medium;\"><b>Hast du einen Lieblings Dirigenten oder Dirigentin? <\/b><\/span><\/span><span style=\"color: #000000;\"><span style=\"font-size: medium;\">Ja, ich spiele schon sehr gerne mit unserem Paavo J\u00e4rvi zusammen und bin auch froh dass er oft, vier bis f\u00fcnf mal im Jahr, bei uns ist. Also ihn w\u00fcrde ich mal als meinen Lieblingsdirigenten deklarieren!<\/span><\/span><\/p>\n<p><span style=\"color: #000000;\"><span style=\"font-size: medium;\"><i>Es ist schon beeindruckend, dass man als guter und erfahrener Musiker immer noch danach strebt, besser und besser zu werden. Dass Klaus es bis heute schafft, zwei Instrumente gut zu spielen finde ich enorm, obwohl es sehr zeitaufwendig ist. <\/i><\/span><\/span><\/p>\n<p><span style=\"color: #e36c0a;\"><span style=\"font-size: medium;\"><b>Was wirst du bei der n\u00e4chsten Stadtteil-Oper, <\/b><\/span><\/span><span style=\"color: #e36c0a;\"><span style=\"font-size: medium;\"><i><b>Sehnsucht nach Isfahan<\/b><\/i><\/span><\/span><span style=\"color: #e36c0a;\"><span style=\"font-size: medium;\"><b>, machen? <\/b><\/span><\/span><span style=\"color: #000000;\"><span style=\"font-size: medium;\">Bei Sehnsucht nach Isfahan werde ich im Vorfeld bei der Erarbeitung des musikalischen Teils mitwirken. Ich werde mit den Leuten, die Chorpartien \u00fcbernehmen, \u00fcben und werde auch wahrscheinlich Klavier bei den szenische Proben spielen. In der Produktionswoche, wo die Auff\u00fchrungen sind, werde ich im Orchester Bratsche mitspielen!<\/span><\/span><\/p>\n<p><span style=\"color: #e36c0a;\"><span style=\"font-size: medium;\"><b>Wie findest du das Thema f\u00fcr die n\u00e4chste Stadtteil-Oper? <\/b><\/span><\/span> <span style=\"color: #000000;\"><span style=\"font-size: medium;\"> Das Thema finde ich sehr spannend, weil es den Bogen zum Nahen Osten schl\u00e4gt. Es ist kein einfaches Thema und ich finde die L\u00f6sung mit der historischen Figur Avicenna oder Ibn Sina <\/span><\/span><b> <\/b><span style=\"color: #000000;\"><span style=\"font-size: medium;\">ideal! Man kann heutzutage nicht politisch Stellung beziehen, das ist zu komplex und auch leider ein bisschen gef\u00e4hrlich. Mit der Stadtteil-Oper glaube ich, dass wir auf dem richtigen weg sind, das Thema finde ich klasse!<\/span><\/span><b> <\/b><\/p>\n<p><span style=\"color: #e36c0a;\"><span style=\"font-size: medium;\"><b>Was gef\u00e4llt dir bei den Stadtteil-Opern generell? <\/b><\/span><\/span><span style=\"color: #000000;\"><span style=\"font-size: medium;\">Bei Stadtteil-Opern gef\u00e4llt mir die Tatsache, dass wir mit allen Beteiligten bei den Auff\u00fchrungen immer im Zelt, wo es aufgef\u00fchrt wird, zusammen sind. Vor allen Dingen letztes Jahr, wo das Wetter unglaublich schlecht war, das trotzdem mit viel Idealismus durch zu ziehen! Die Auff\u00fchrung drohte ja ins Wasser zu fallen, da musste noch ein Technischer Helfer kommen, um Regenwasser abzupumpen, damit alles \u00fcberhaupt statt finden konnte. M\u00fctter von Schulkindern waren auch dort und haben uns vor und nach der Auff\u00fchrung ganz lieb Stullen geschmiert. <\/span><\/span><\/p>\n<p><span style=\"color: #000000;\"><span style=\"font-size: medium;\">Ich war von der ganzen Zeit so bewegt und anger\u00fchrt, dass ich am n\u00e4chsten Morgen, es war ein freier Tag, mit der Bahn nochmal zum Zelt gefahren bin, um alles nochmal zu sehen. <\/span><\/span><\/p>\n<p><span style=\"color: #000000;\"><span style=\"font-size: medium;\">Dass alle daf\u00fcr arbeiten, dass die Stadtteil-Oper Wirklichkeit wird ist sehr begl\u00fcckend, wenn es dann zuletzt gelingt!<\/span><\/span><\/p>\n<p>&nbsp;<\/p>\n<p>Das Interview f\u00fchrte\u00a0Emma Rahe<\/p>\n<p>&nbsp;<\/p>\n","protected":false},"excerpt":{"rendered":"<p>Warum spielst du bei der Deutschen Kammerphilharmonie Bremen? Hat das einen bestimmten Grund? Ja, das hat den Grund, dass ich das Orchester vor 35 Jahren mit gegr\u00fcndet habe. Wir haben dieses Orchester, was ja aus der Jungen Deutsche Philharmonie entstanden ist, mit mehreren Kommilitonen gegr\u00fcndet, um einen eigenen Weg zu gehen. Wir wollten nicht in [&hellip;]<\/p>\n","protected":false},"author":2,"featured_media":995,"parent":0,"menu_order":0,"comment_status":"open","ping_status":"open","template":"","meta":{"footnotes":""},"class_list":["post-975","page","type-page","status-publish","has-post-thumbnail","hentry"],"_links":{"self":[{"href":"http:\/\/stadtteiloper-bremen.de\/index.php?rest_route=\/wp\/v2\/pages\/975","targetHints":{"allow":["GET"]}}],"collection":[{"href":"http:\/\/stadtteiloper-bremen.de\/index.php?rest_route=\/wp\/v2\/pages"}],"about":[{"href":"http:\/\/stadtteiloper-bremen.de\/index.php?rest_route=\/wp\/v2\/types\/page"}],"author":[{"embeddable":true,"href":"http:\/\/stadtteiloper-bremen.de\/index.php?rest_route=\/wp\/v2\/users\/2"}],"replies":[{"embeddable":true,"href":"http:\/\/stadtteiloper-bremen.de\/index.php?rest_route=%2Fwp%2Fv2%2Fcomments&post=975"}],"version-history":[{"count":3,"href":"http:\/\/stadtteiloper-bremen.de\/index.php?rest_route=\/wp\/v2\/pages\/975\/revisions"}],"predecessor-version":[{"id":998,"href":"http:\/\/stadtteiloper-bremen.de\/index.php?rest_route=\/wp\/v2\/pages\/975\/revisions\/998"}],"wp:featuredmedia":[{"embeddable":true,"href":"http:\/\/stadtteiloper-bremen.de\/index.php?rest_route=\/wp\/v2\/media\/995"}],"wp:attachment":[{"href":"http:\/\/stadtteiloper-bremen.de\/index.php?rest_route=%2Fwp%2Fv2%2Fmedia&parent=975"}],"curies":[{"name":"wp","href":"https:\/\/api.w.org\/{rel}","templated":true}]}}